{"id":787,"date":"2023-08-15T14:16:02","date_gmt":"2023-08-15T12:16:02","guid":{"rendered":"https:\/\/www.allinmarket.sk\/?page_id=787"},"modified":"2023-08-15T14:17:18","modified_gmt":"2023-08-15T12:17:18","slug":"dobrocinna-cinnost","status":"publish","type":"page","link":"https:\/\/allinmarket.sk\/en\/o-nas\/dobrocinna-cinnost","title":{"rendered":"Dobro\u010dinn\u00e1 \u010dinnos\u0165"},"content":{"rendered":"<p>Spolo\u010dnos\u0165 ALLINMARKET s. r. o.. u\u017e od svojho po\u010diatku podporuje dobro\u010dinn\u00e9 aktivity mlad\u00fdch \u013eud\u00ed. Pova\u017eujeme za nevyhnutn\u00e9 podporova\u0165 projekty, ktor\u00e9 obohacuj\u00fa spolo\u010dnos\u0165, \u010di osobnostn\u00fd rozvoj mlad\u00fdch \u013eud\u00ed.<\/p>\n<p>Od svojho po\u010diatku podporujeme experiment\u00e1lne divadlo<strong>\u00a0ExTeatro<\/strong>, ktor\u00e9 ka\u017edoro\u010dne pripravuje nieko\u013eko divadeln\u00fdch hier a hraj\u00fa v \u0148om dobrovo\u013en\u00edci z najbli\u017e\u0161ieho okolia. Viac inform\u00e1ci\u00ed o tomto divadle n\u00e1jdete na\u00a0<a href=\"http:\/\/www.exteatro.sk\/\" target=\"_blank\" rel=\"noopener\">www.exteatro.sk<\/a>.<\/p>\n<p>V roku 2014 sme podporili organiz\u00e1ciu\u00a0<strong>Wolf that never sleeps<\/strong>, ktor\u00e1 p\u00f4sob\u00ed v okol\u00ed Ke\u017emarku a organizuj\u00fa r\u00f4zne akcie pre mlad\u00fdch \u013eud\u00ed. Venuj\u00fa sa spolo\u010dnosti, pr\u00edrode, knih\u00e1m, bicyklom. viac info n\u00e1jdete na facebookovom konte:\u00a0<a href=\"https:\/\/www.facebook.com\/vlk.ktory.nikdy.nespi\" target=\"_blank\" rel=\"noopener\">https:\/\/www.facebook.com\/vlk.ktory.nikdy.nespi<\/a><\/p>\n<p><a title=\"\" href=\"https:\/\/www.allinmarket.sk\/wp-content\/uploads\/2014\/11\/SR_dakovanie.jpg\" data-rel=\"lightbox-image-0\" data-rl_title=\"\" data-rl_caption=\"\"><img fetchpriority=\"high\" decoding=\"async\" class=\"aligncenter size-medium wp-image-218\" src=\"https:\/\/www.allinmarket.sk\/wp-content\/uploads\/2014\/11\/SR_dakovanie-300x210.jpg\" sizes=\"(max-width: 300px) 100vw, 300px\" srcset=\"https:\/\/www.allinmarket.sk\/wp-content\/uploads\/2014\/11\/SR_dakovanie-300x210.jpg 300w, https:\/\/www.allinmarket.sk\/wp-content\/uploads\/2014\/11\/SR_dakovanie.jpg 960w\" alt=\"SR_dakovanie\" width=\"300\" height=\"210\" \/><\/a><\/p>\n<p>V roku 2015 spolo\u010dnos\u0165 Vladim\u00edr Majer\u010d\u00e1k \u2013 MEGAS SPOL. podporila ob\u010diansku iniciat\u00edvu\u00a0<strong>\u0160port pre v\u0161etk\u00fdch<\/strong>, ktor\u00e1 pracuje na fyzickom, ale aj osobnostnom\u00a0rozvoji det\u00ed z\u00e1kladn\u00fdch \u0161k\u00f4l. Na akcii Kids Athletics sa z\u00fa\u010dastnilo viac ako 600 det\u00ed a my sme radi, \u017ee sme de\u0165om mohli pon\u00faknu\u0165 mal\u00e9 ma\u0161krty. Viac inform\u00e1cii o tejto iniciat\u00edve n\u00e1jdete na\u00a0facebookovom konte:\u00a0<a href=\"https:\/\/www.facebook.com\/kidsathleticskk\" target=\"_blank\" rel=\"noopener\">https:\/\/www.facebook.com\/kidsathleticskk<\/a><\/p>\n<p><a title=\"\" href=\"https:\/\/www.allinmarket.sk\/wp-content\/uploads\/2014\/11\/page0001.jpg\" data-rel=\"lightbox-image-1\" data-rl_title=\"\" data-rl_caption=\"\"><img decoding=\"async\" class=\" size-medium wp-image-452 aligncenter\" src=\"https:\/\/www.allinmarket.sk\/wp-content\/uploads\/2014\/11\/page0001-212x300.jpg\" sizes=\"(max-width: 212px) 100vw, 212px\" srcset=\"https:\/\/www.allinmarket.sk\/wp-content\/uploads\/2014\/11\/page0001-212x300.jpg 212w, https:\/\/www.allinmarket.sk\/wp-content\/uploads\/2014\/11\/page0001-724x1024.jpg 724w, https:\/\/www.allinmarket.sk\/wp-content\/uploads\/2014\/11\/page0001.jpg 1240w\" alt=\"page0001\" width=\"212\" height=\"300\" \/><\/a><\/p>\n","protected":false},"excerpt":{"rendered":"<p>Spolo\u010dnos\u0165 ALLINMARKET s. r. o.. u\u017e od svojho po\u010diatku podporuje dobro\u010dinn\u00e9 aktivity mlad\u00fdch \u013eud\u00ed. Pova\u017eujeme za nevyhnutn\u00e9 podporova\u0165 projekty, ktor\u00e9 obohacuj\u00fa spolo\u010dnos\u0165, \u010di osobnostn\u00fd rozvoj mlad\u00fdch \u013eud\u00ed. Od svojho po\u010diatku podporujeme experiment\u00e1lne divadlo\u00a0ExTeatro, ktor\u00e9 ka\u017edoro\u010dne pripravuje nieko\u013eko divadeln\u00fdch hier a hraj\u00fa v \u0148om dobrovo\u013en\u00edci z najbli\u017e\u0161ieho okolia. Viac inform\u00e1ci\u00ed o tomto divadle n\u00e1jdete na\u00a0www.exteatro.sk. V [&hellip;]<\/p>\n","protected":false},"author":2,"featured_media":0,"parent":224,"menu_order":0,"comment_status":"closed","ping_status":"closed","template":"","meta":{"_acf_changed":false,"footnotes":""},"class_list":["post-787","page","type-page","status-publish","hentry"],"acf":[],"yoast_head":"<!-- This site is optimized with the Yoast SEO plugin v27.5 - https:\/\/yoast.com\/product\/yoast-seo-wordpress\/ -->\n<title>Dobro\u010dinn\u00e1 \u010dinnos\u0165 | All in Market<\/title>\n<meta name=\"robots\" content=\"index, follow, max-snippet:-1, max-image-preview:large, max-video-preview:-1\" \/>\n<link rel=\"canonical\" href=\"https:\/\/allinmarket.sk\/en\/o-nas\/dobrocinna-cinnost\" \/>\n<meta property=\"og:locale\" content=\"en_US\" \/>\n<meta property=\"og:type\" content=\"article\" \/>\n<meta property=\"og:title\" content=\"Dobro\u010dinn\u00e1 \u010dinnos\u0165 | All in Market\" \/>\n<meta property=\"og:description\" content=\"Spolo\u010dnos\u0165 ALLINMARKET s. r. o.. u\u017e od svojho po\u010diatku podporuje dobro\u010dinn\u00e9 aktivity mlad\u00fdch \u013eud\u00ed. Pova\u017eujeme za nevyhnutn\u00e9 podporova\u0165 projekty, ktor\u00e9 obohacuj\u00fa spolo\u010dnos\u0165, \u010di osobnostn\u00fd rozvoj mlad\u00fdch \u013eud\u00ed. Od svojho po\u010diatku podporujeme experiment\u00e1lne divadlo\u00a0ExTeatro, ktor\u00e9 ka\u017edoro\u010dne pripravuje nieko\u013eko divadeln\u00fdch hier a hraj\u00fa v \u0148om dobrovo\u013en\u00edci z najbli\u017e\u0161ieho okolia. Viac inform\u00e1ci\u00ed o tomto divadle n\u00e1jdete na\u00a0www.exteatro.sk. V [&hellip;]\" \/>\n<meta property=\"og:url\" content=\"https:\/\/allinmarket.sk\/en\/o-nas\/dobrocinna-cinnost\" \/>\n<meta property=\"og:site_name\" content=\"All in Market\" \/>\n<meta property=\"article:modified_time\" content=\"2023-08-15T12:17:18+00:00\" \/>\n<meta property=\"og:image\" content=\"https:\/\/www.allinmarket.sk\/wp-content\/uploads\/2014\/11\/SR_dakovanie-300x210.jpg\" \/>\n<meta name=\"twitter:card\" content=\"summary_large_image\" \/>\n<meta name=\"twitter:label1\" content=\"Est. reading time\" \/>\n\t<meta name=\"twitter:data1\" content=\"2 minutes\" \/>\n<script type=\"application\/ld+json\" class=\"yoast-schema-graph\">{\"@context\":\"https:\\\/\\\/schema.org\",\"@graph\":[{\"@type\":\"WebPage\",\"@id\":\"https:\\\/\\\/allinmarket.sk\\\/en\\\/o-nas\\\/dobrocinna-cinnost\",\"url\":\"https:\\\/\\\/allinmarket.sk\\\/en\\\/o-nas\\\/dobrocinna-cinnost\",\"name\":\"Dobro\u010dinn\u00e1 \u010dinnos\u0165 | All in Market\",\"isPartOf\":{\"@id\":\"https:\\\/\\\/allinmarket.sk\\\/en#website\"},\"primaryImageOfPage\":{\"@id\":\"https:\\\/\\\/allinmarket.sk\\\/en\\\/o-nas\\\/dobrocinna-cinnost#primaryimage\"},\"image\":{\"@id\":\"https:\\\/\\\/allinmarket.sk\\\/en\\\/o-nas\\\/dobrocinna-cinnost#primaryimage\"},\"thumbnailUrl\":\"https:\\\/\\\/www.allinmarket.sk\\\/wp-content\\\/uploads\\\/2014\\\/11\\\/SR_dakovanie-300x210.jpg\",\"datePublished\":\"2023-08-15T12:16:02+00:00\",\"dateModified\":\"2023-08-15T12:17:18+00:00\",\"breadcrumb\":{\"@id\":\"https:\\\/\\\/allinmarket.sk\\\/en\\\/o-nas\\\/dobrocinna-cinnost#breadcrumb\"},\"inLanguage\":\"en-US\",\"potentialAction\":[{\"@type\":\"ReadAction\",\"target\":[\"https:\\\/\\\/allinmarket.sk\\\/en\\\/o-nas\\\/dobrocinna-cinnost\"]}]},{\"@type\":\"ImageObject\",\"inLanguage\":\"en-US\",\"@id\":\"https:\\\/\\\/allinmarket.sk\\\/en\\\/o-nas\\\/dobrocinna-cinnost#primaryimage\",\"url\":\"https:\\\/\\\/www.allinmarket.sk\\\/wp-content\\\/uploads\\\/2014\\\/11\\\/SR_dakovanie-300x210.jpg\",\"contentUrl\":\"https:\\\/\\\/www.allinmarket.sk\\\/wp-content\\\/uploads\\\/2014\\\/11\\\/SR_dakovanie-300x210.jpg\"},{\"@type\":\"BreadcrumbList\",\"@id\":\"https:\\\/\\\/allinmarket.sk\\\/en\\\/o-nas\\\/dobrocinna-cinnost#breadcrumb\",\"itemListElement\":[{\"@type\":\"ListItem\",\"position\":1,\"name\":\"Home\",\"item\":\"https:\\\/\\\/allinmarket.sk\\\/en\\\/uvod\"},{\"@type\":\"ListItem\",\"position\":2,\"name\":\"O n\u00e1s\",\"item\":\"https:\\\/\\\/allinmarket.sk\\\/en\\\/o-nas\"},{\"@type\":\"ListItem\",\"position\":3,\"name\":\"Dobro\u010dinn\u00e1 \u010dinnos\u0165\"}]},{\"@type\":\"WebSite\",\"@id\":\"https:\\\/\\\/allinmarket.sk\\\/en#website\",\"url\":\"https:\\\/\\\/allinmarket.sk\\\/en\",\"name\":\"All in Market\",\"description\":\"Ve\u013ekoobchod a maloobchod s potravinami a n\u00e1pojmi\",\"publisher\":{\"@id\":\"https:\\\/\\\/allinmarket.sk\\\/en#organization\"},\"potentialAction\":[{\"@type\":\"SearchAction\",\"target\":{\"@type\":\"EntryPoint\",\"urlTemplate\":\"https:\\\/\\\/allinmarket.sk\\\/en?s={search_term_string}\"},\"query-input\":{\"@type\":\"PropertyValueSpecification\",\"valueRequired\":true,\"valueName\":\"search_term_string\"}}],\"inLanguage\":\"en-US\"},{\"@type\":\"Organization\",\"@id\":\"https:\\\/\\\/allinmarket.sk\\\/en#organization\",\"name\":\"ALLINMARKET, s. r. o.\",\"alternateName\":\"ALLINMARKET, s. r. o.\",\"url\":\"https:\\\/\\\/allinmarket.sk\\\/en\",\"logo\":{\"@type\":\"ImageObject\",\"inLanguage\":\"en-US\",\"@id\":\"https:\\\/\\\/allinmarket.sk\\\/en#\\\/schema\\\/logo\\\/image\\\/\",\"url\":\"https:\\\/\\\/allinmarket.sk\\\/wp-content\\\/uploads\\\/2023\\\/07\\\/logo.png\",\"contentUrl\":\"https:\\\/\\\/allinmarket.sk\\\/wp-content\\\/uploads\\\/2023\\\/07\\\/logo.png\",\"width\":115,\"height\":51,\"caption\":\"ALLINMARKET, s. r. o.\"},\"image\":{\"@id\":\"https:\\\/\\\/allinmarket.sk\\\/en#\\\/schema\\\/logo\\\/image\\\/\"}}]}<\/script>\n<!-- \/ Yoast SEO plugin. -->","yoast_head_json":{"title":"Dobro\u010dinn\u00e1 \u010dinnos\u0165 | All in Market","robots":{"index":"index","follow":"follow","max-snippet":"max-snippet:-1","max-image-preview":"max-image-preview:large","max-video-preview":"max-video-preview:-1"},"canonical":"https:\/\/allinmarket.sk\/en\/o-nas\/dobrocinna-cinnost","og_locale":"en_US","og_type":"article","og_title":"Dobro\u010dinn\u00e1 \u010dinnos\u0165 | All in Market","og_description":"Spolo\u010dnos\u0165 ALLINMARKET s. r. o.. u\u017e od svojho po\u010diatku podporuje dobro\u010dinn\u00e9 aktivity mlad\u00fdch \u013eud\u00ed. Pova\u017eujeme za nevyhnutn\u00e9 podporova\u0165 projekty, ktor\u00e9 obohacuj\u00fa spolo\u010dnos\u0165, \u010di osobnostn\u00fd rozvoj mlad\u00fdch \u013eud\u00ed. Od svojho po\u010diatku podporujeme experiment\u00e1lne divadlo\u00a0ExTeatro, ktor\u00e9 ka\u017edoro\u010dne pripravuje nieko\u013eko divadeln\u00fdch hier a hraj\u00fa v \u0148om dobrovo\u013en\u00edci z najbli\u017e\u0161ieho okolia. Viac inform\u00e1ci\u00ed o tomto divadle n\u00e1jdete na\u00a0www.exteatro.sk. V [&hellip;]","og_url":"https:\/\/allinmarket.sk\/en\/o-nas\/dobrocinna-cinnost","og_site_name":"All in Market","article_modified_time":"2023-08-15T12:17:18+00:00","og_image":[{"url":"https:\/\/www.allinmarket.sk\/wp-content\/uploads\/2014\/11\/SR_dakovanie-300x210.jpg","type":"","width":"","height":""}],"twitter_card":"summary_large_image","twitter_misc":{"Est. reading time":"2 minutes"},"schema":{"@context":"https:\/\/schema.org","@graph":[{"@type":"WebPage","@id":"https:\/\/allinmarket.sk\/en\/o-nas\/dobrocinna-cinnost","url":"https:\/\/allinmarket.sk\/en\/o-nas\/dobrocinna-cinnost","name":"Dobro\u010dinn\u00e1 \u010dinnos\u0165 | All in Market","isPartOf":{"@id":"https:\/\/allinmarket.sk\/en#website"},"primaryImageOfPage":{"@id":"https:\/\/allinmarket.sk\/en\/o-nas\/dobrocinna-cinnost#primaryimage"},"image":{"@id":"https:\/\/allinmarket.sk\/en\/o-nas\/dobrocinna-cinnost#primaryimage"},"thumbnailUrl":"https:\/\/www.allinmarket.sk\/wp-content\/uploads\/2014\/11\/SR_dakovanie-300x210.jpg","datePublished":"2023-08-15T12:16:02+00:00","dateModified":"2023-08-15T12:17:18+00:00","breadcrumb":{"@id":"https:\/\/allinmarket.sk\/en\/o-nas\/dobrocinna-cinnost#breadcrumb"},"inLanguage":"en-US","potentialAction":[{"@type":"ReadAction","target":["https:\/\/allinmarket.sk\/en\/o-nas\/dobrocinna-cinnost"]}]},{"@type":"ImageObject","inLanguage":"en-US","@id":"https:\/\/allinmarket.sk\/en\/o-nas\/dobrocinna-cinnost#primaryimage","url":"https:\/\/www.allinmarket.sk\/wp-content\/uploads\/2014\/11\/SR_dakovanie-300x210.jpg","contentUrl":"https:\/\/www.allinmarket.sk\/wp-content\/uploads\/2014\/11\/SR_dakovanie-300x210.jpg"},{"@type":"BreadcrumbList","@id":"https:\/\/allinmarket.sk\/en\/o-nas\/dobrocinna-cinnost#breadcrumb","itemListElement":[{"@type":"ListItem","position":1,"name":"Home","item":"https:\/\/allinmarket.sk\/en\/uvod"},{"@type":"ListItem","position":2,"name":"O n\u00e1s","item":"https:\/\/allinmarket.sk\/en\/o-nas"},{"@type":"ListItem","position":3,"name":"Dobro\u010dinn\u00e1 \u010dinnos\u0165"}]},{"@type":"WebSite","@id":"https:\/\/allinmarket.sk\/en#website","url":"https:\/\/allinmarket.sk\/en","name":"All in Market","description":"Ve\u013ekoobchod a maloobchod s potravinami a n\u00e1pojmi","publisher":{"@id":"https:\/\/allinmarket.sk\/en#organization"},"potentialAction":[{"@type":"SearchAction","target":{"@type":"EntryPoint","urlTemplate":"https:\/\/allinmarket.sk\/en?s={search_term_string}"},"query-input":{"@type":"PropertyValueSpecification","valueRequired":true,"valueName":"search_term_string"}}],"inLanguage":"en-US"},{"@type":"Organization","@id":"https:\/\/allinmarket.sk\/en#organization","name":"ALLINMARKET, s. r. o.","alternateName":"ALLINMARKET, s. r. o.","url":"https:\/\/allinmarket.sk\/en","logo":{"@type":"ImageObject","inLanguage":"en-US","@id":"https:\/\/allinmarket.sk\/en#\/schema\/logo\/image\/","url":"https:\/\/allinmarket.sk\/wp-content\/uploads\/2023\/07\/logo.png","contentUrl":"https:\/\/allinmarket.sk\/wp-content\/uploads\/2023\/07\/logo.png","width":115,"height":51,"caption":"ALLINMARKET, s. r. o."},"image":{"@id":"https:\/\/allinmarket.sk\/en#\/schema\/logo\/image\/"}}]}},"_links":{"self":[{"href":"https:\/\/allinmarket.sk\/en\/wp-json\/wp\/v2\/pages\/787","targetHints":{"allow":["GET"]}}],"collection":[{"href":"https:\/\/allinmarket.sk\/en\/wp-json\/wp\/v2\/pages"}],"about":[{"href":"https:\/\/allinmarket.sk\/en\/wp-json\/wp\/v2\/types\/page"}],"author":[{"embeddable":true,"href":"https:\/\/allinmarket.sk\/en\/wp-json\/wp\/v2\/users\/2"}],"replies":[{"embeddable":true,"href":"https:\/\/allinmarket.sk\/en\/wp-json\/wp\/v2\/comments?post=787"}],"version-history":[{"count":0,"href":"https:\/\/allinmarket.sk\/en\/wp-json\/wp\/v2\/pages\/787\/revisions"}],"up":[{"embeddable":true,"href":"https:\/\/allinmarket.sk\/en\/wp-json\/wp\/v2\/pages\/224"}],"wp:attachment":[{"href":"https:\/\/allinmarket.sk\/en\/wp-json\/wp\/v2\/media?parent=787"}],"curies":[{"name":"wp","href":"https:\/\/api.w.org\/{rel}","templated":true}]}}